{"id":154,"date":"2011-03-28T13:17:26","date_gmt":"2011-03-28T13:17:26","guid":{"rendered":"http:\/\/www.art-kipnowski.de\/?page_id=154"},"modified":"2023-05-11T14:42:33","modified_gmt":"2023-05-11T14:42:33","slug":"impressum","status":"publish","type":"page","link":"https:\/\/www.art-kipnowski.de\/?page_id=154","title":{"rendered":"Impressum"},"content":{"rendered":"<h5>Verantwortlich f\u00fcr den Inhalt dieser Website:<\/h5>\n<h5>Dr. phil. Annette Kipnowski<br \/>\nSeminarstr. 13<br \/>\n55127 Mainz<br \/>\nT 06131-5567888<br \/>\nkipnowski-bonn@t-online.de<\/h5>\n<h5>Haftungshinweis:&nbsp; Trotz sorgf\u00e4ltiger inhaltlicher Kontrolle \u00fcbernehme ich keine Haftung f\u00fcr die Inhalte externer Links. F\u00fcr den Inhalt der verlinkten Seiten sind ausschlie\u00dflich deren Betreiber verantwortlich.<\/h5>\n<h5>&nbsp;<\/h5>\n","protected":false},"excerpt":{"rendered":"<p>Verantwortlich f\u00fcr den Inhalt dieser Website: Dr. phil. Annette Kipnowski Seminarstr. 13 55127 Mainz T 06131-5567888 kipnowski-bonn@t-online.de Haftungshinweis:&nbsp; Trotz sorgf\u00e4ltiger inhaltlicher Kontrolle \u00fcbernehme ich keine Haftung f\u00fcr die Inhalte externer Links. F\u00fcr den Inhalt der verlinkten Seiten sind ausschlie\u00dflich deren &hellip; <a href=\"https:\/\/www.art-kipnowski.de\/?page_id=154\">Weiterlesen <span class=\"meta-nav\">&rarr;<\/span><\/a><\/p>\n","protected":false},"author":2,"featured_media":0,"parent":0,"menu_order":60,"comment_status":"closed","ping_status":"closed","template":"","meta":{"ngg_post_thumbnail":0,"footnotes":""},"_links":{"self":[{"href":"https:\/\/www.art-kipnowski.de\/index.php?rest_route=\/wp\/v2\/pages\/154"}],"collection":[{"href":"https:\/\/www.art-kipnowski.de\/index.php?rest_route=\/wp\/v2\/pages"}],"about":[{"href":"https:\/\/www.art-kipnowski.de\/index.php?rest_route=\/wp\/v2\/types\/page"}],"author":[{"embeddable":true,"href":"https:\/\/www.art-kipnowski.de\/index.php?rest_route=\/wp\/v2\/users\/2"}],"replies":[{"embeddable":true,"href":"https:\/\/www.art-kipnowski.de\/index.php?rest_route=%2Fwp%2Fv2%2Fcomments&post=154"}],"version-history":[{"count":13,"href":"https:\/\/www.art-kipnowski.de\/index.php?rest_route=\/wp\/v2\/pages\/154\/revisions"}],"predecessor-version":[{"id":853,"href":"https:\/\/www.art-kipnowski.de\/index.php?rest_route=\/wp\/v2\/pages\/154\/revisions\/853"}],"wp:attachment":[{"href":"https:\/\/www.art-kipnowski.de\/index.php?rest_route=%2Fwp%2Fv2%2Fmedia&parent=154"}],"curies":[{"name":"wp","href":"https:\/\/api.w.org\/{rel}","templated":true}]}}