{"id":211,"date":"2011-05-19T08:26:01","date_gmt":"2011-05-19T08:26:01","guid":{"rendered":"http:\/\/www.art-kipnowski.de\/?page_id=211"},"modified":"2026-02-28T19:02:02","modified_gmt":"2026-02-28T19:02:02","slug":"news","status":"publish","type":"page","link":"https:\/\/www.art-kipnowski.de\/?page_id=211","title":{"rendered":"News"},"content":{"rendered":"\n<p><strong>Vorschau:<\/strong><\/p>\n\n\n\n<p><strong>LAYENHOF OPEN<\/strong><br>Samstag, 14.3.26 von 15 bis 18 Uhr<br>Sonntag, 15.3.26 von 11 bis 18 Uhr<br>Am Flugplatz 5879, 55126 Mainz<\/p>\n\n\n\n<p><strong>SCHLAF UND TRAUM<\/strong><br>Kipnowski\/Hallac\/Becker<br><strong>8.Mai bis 5. Juni 2026<\/strong><br>ZMO Haupthaus<br>Z\u00f6rgiebel-Str. 2, 55128 Mainz<br>www.zmo-mainz.de<\/p>\n\n\n\n<p><strong>AUSSTELLUNGEN<\/strong> <strong>in 2025<\/strong><\/p>\n\n\n\n<p><strong>&#8222;Alles Carl&#8220;<\/strong><br><strong>Mitgliederausstellung Kunstverein Ingelheim<br>15.11. &#8211; 21.12.2025<\/strong><\/p>\n\n\n\n<p><strong>Herbstausstellung in der Cafedrale C41 <\/strong><br><strong>Marc-Chagall-Str.41C<\/strong>, <strong>55127 Mainz-Drais<\/strong><\/p>\n\n\n\n<p><strong>TAUSENDUNDEINE NACHT<\/strong><\/p>\n\n\n\n<p>Malerei auf Leinwand und \u00e4gyptischem Papyrus von<br><strong>Annette Kipnowski<\/strong><\/p>\n\n\n\n<p>19. Sept. &#8211; 30. Nov.2025<br>Vernissage: Freitag, 19. Sept.2025 um 18 Uhr<br>Die Ausstellung kann w\u00e4hrend der \u00d6ffnungszeiten des Cafes <br>(Do, Fr, Sa jeweils von 14-18 Uhr)<br>sowie im Rahmen von Gottesdiensten und weiteren Veranstaltungen besucht werden.<br>www.cafedrale-mainz.de<\/p>\n\n\n\n<p><strong><em>Samstag, 22.11. 2025 ab 16 Uhr Mitmachangebote  im Rahmen der Aktion<br>NACHT GEGEN EINSAMKEIT (SWR)<\/em><\/strong><\/p>\n\n\n\n<p><strong>Unsere Anthologie &#8222;Fliegender Teppich&#8220; ist im M\u00e4rz 2024 erschienen<\/strong>.<br><a href=\"https:\/\/buchshop.bod.de\/fliegender-teppich-annette-kipnowski-9783758370557\">https:\/\/buchshop.bod.de\/fliegender-teppich-annette-kipnowski-9783758370557<\/a><\/p>\n\n\n\n<p><\/p>\n\n\n\n<div class=\"wp-block-group is-content-justification-space-between is-nowrap is-layout-flex wp-container-core-group-layout-1 wp-block-group-is-layout-flex\">\n<figure class=\"wp-block-image size-full is-resized\"><a href=\"http:\/\/www.art-kipnowski.de\/wp-content\/uploads\/2024\/03\/Cover_fuer_Flyer_19022024_U1.jpg\"><img loading=\"lazy\" decoding=\"async\" width=\"791\" height=\"1024\" src=\"http:\/\/www.art-kipnowski.de\/wp-content\/uploads\/2024\/03\/Cover_fuer_Flyer_19022024_U1.jpg\" alt=\"\" class=\"wp-image-884\" style=\"width:212px;height:auto\" srcset=\"https:\/\/www.art-kipnowski.de\/wp-content\/uploads\/2024\/03\/Cover_fuer_Flyer_19022024_U1.jpg 791w, https:\/\/www.art-kipnowski.de\/wp-content\/uploads\/2024\/03\/Cover_fuer_Flyer_19022024_U1-232x300.jpg 232w, https:\/\/www.art-kipnowski.de\/wp-content\/uploads\/2024\/03\/Cover_fuer_Flyer_19022024_U1-768x994.jpg 768w\" sizes=\"(max-width: 791px) 100vw, 791px\" \/><\/a><\/figure>\n\n\n\n<figure class=\"wp-block-image size-full is-resized\"><a href=\"http:\/\/www.art-kipnowski.de\/wp-content\/uploads\/2024\/03\/Cover_fuer_Flyer_19022024_U4.jpg\"><img loading=\"lazy\" decoding=\"async\" width=\"789\" height=\"1024\" src=\"http:\/\/www.art-kipnowski.de\/wp-content\/uploads\/2024\/03\/Cover_fuer_Flyer_19022024_U4.jpg\" alt=\"\" class=\"wp-image-891\" style=\"width:220px;height:auto\" srcset=\"https:\/\/www.art-kipnowski.de\/wp-content\/uploads\/2024\/03\/Cover_fuer_Flyer_19022024_U4.jpg 789w, https:\/\/www.art-kipnowski.de\/wp-content\/uploads\/2024\/03\/Cover_fuer_Flyer_19022024_U4-231x300.jpg 231w, https:\/\/www.art-kipnowski.de\/wp-content\/uploads\/2024\/03\/Cover_fuer_Flyer_19022024_U4-768x997.jpg 768w\" sizes=\"(max-width: 789px) 100vw, 789px\" \/><\/a><\/figure>\n<\/div>\n\n\n\n<p><\/p>\n\n\n\n<p><strong>Unsere <a href=\"https:\/\/youtu.be\/_JOWoMQcPZo\" target=\"_blank\" rel=\"noopener\">Anthologie &#8222;Zeitwellen&#8220;<\/a> ist 2022 erschienen&nbsp;\u2013<br>sehen und h\u00f6ren Sie mal rein <a href=\"https:\/\/youtu.be\/_JOWoMQcPZo\" target=\"_blank\" rel=\"noopener\"> auf YouTube<\/a>! <\/strong><br><br><a href=\"https:\/\/www.bod.de\/buchshop\/zeitwellen-annette-kipnowski-9783756814749\" target=\"_blank\" rel=\"noopener\">ISBN 9783756814749<\/a><\/p>\n\n\n<div class=\"wp-block-image\">\n<figure class=\"alignright size-large is-resized\"><a href=\"http:\/\/www.art-kipnowski.de\/wp-content\/uploads\/2022\/11\/Zeitwellen-Cover-Rueckseite-scaled.jpg\"><img loading=\"lazy\" decoding=\"async\" width=\"793\" height=\"1024\" src=\"http:\/\/www.art-kipnowski.de\/wp-content\/uploads\/2022\/11\/Zeitwellen-Cover-Rueckseite-793x1024.jpg\" alt=\"\" class=\"wp-image-786\" style=\"aspect-ratio:0.7769230769230769;width:217px;height:auto\" srcset=\"https:\/\/www.art-kipnowski.de\/wp-content\/uploads\/2022\/11\/Zeitwellen-Cover-Rueckseite-793x1024.jpg 793w, https:\/\/www.art-kipnowski.de\/wp-content\/uploads\/2022\/11\/Zeitwellen-Cover-Rueckseite-232x300.jpg 232w, https:\/\/www.art-kipnowski.de\/wp-content\/uploads\/2022\/11\/Zeitwellen-Cover-Rueckseite-768x991.jpg 768w, https:\/\/www.art-kipnowski.de\/wp-content\/uploads\/2022\/11\/Zeitwellen-Cover-Rueckseite-1190x1536.jpg 1190w, https:\/\/www.art-kipnowski.de\/wp-content\/uploads\/2022\/11\/Zeitwellen-Cover-Rueckseite-1587x2048.jpg 1587w, https:\/\/www.art-kipnowski.de\/wp-content\/uploads\/2022\/11\/Zeitwellen-Cover-Rueckseite-scaled.jpg 1983w\" sizes=\"(max-width: 793px) 100vw, 793px\" \/><\/a><\/figure><\/div>\n\n<div class=\"wp-block-image\">\n<figure class=\"alignleft size-large is-resized\"><a href=\"http:\/\/www.art-kipnowski.de\/wp-content\/uploads\/2022\/11\/Zeitwellen-Cover-Vorderseite-2-scaled.jpg\"><img loading=\"lazy\" decoding=\"async\" width=\"798\" height=\"1024\" src=\"http:\/\/www.art-kipnowski.de\/wp-content\/uploads\/2022\/11\/Zeitwellen-Cover-Vorderseite-2-798x1024.jpg\" alt=\"\" class=\"wp-image-788\" style=\"aspect-ratio:0.7786259541984732;width:214px;height:auto\" srcset=\"https:\/\/www.art-kipnowski.de\/wp-content\/uploads\/2022\/11\/Zeitwellen-Cover-Vorderseite-2-798x1024.jpg 798w, https:\/\/www.art-kipnowski.de\/wp-content\/uploads\/2022\/11\/Zeitwellen-Cover-Vorderseite-2-234x300.jpg 234w, https:\/\/www.art-kipnowski.de\/wp-content\/uploads\/2022\/11\/Zeitwellen-Cover-Vorderseite-2-768x985.jpg 768w, https:\/\/www.art-kipnowski.de\/wp-content\/uploads\/2022\/11\/Zeitwellen-Cover-Vorderseite-2-1198x1536.jpg 1198w, https:\/\/www.art-kipnowski.de\/wp-content\/uploads\/2022\/11\/Zeitwellen-Cover-Vorderseite-2-1597x2048.jpg 1597w, https:\/\/www.art-kipnowski.de\/wp-content\/uploads\/2022\/11\/Zeitwellen-Cover-Vorderseite-2-scaled.jpg 1996w\" sizes=\"(max-width: 798px) 100vw, 798px\" \/><\/a><\/figure><\/div>\n\n\n<div class=\"wp-block-file\"><a id=\"wp-block-file--media-c2711807-58e4-4475-9356-1ed7f3d60cd8\" href=\"http:\/\/www.art-kipnowski.de\/wp-content\/uploads\/2019\/05\/Online-Einladung-wieder-und-wieder.pdf\"><br><\/a><a href=\"http:\/\/www.art-kipnowski.de\/wp-content\/uploads\/2019\/05\/Online-Einladung-wieder-und-wieder.pdf\" class=\"wp-block-file__button wp-element-button\" download aria-describedby=\"wp-block-file--media-c2711807-58e4-4475-9356-1ed7f3d60cd8\"><br><\/a><\/div>\n\n\n\n<h2 class=\"wp-block-heading\"><\/h2>\n\n\n\n<p><\/p>\n\n\n\n<p><\/p>\n\n\n\n<p><\/p>\n\n\n\n<p><strong>Dezember 2022<\/strong><br>Was ist wirklich? Was ist echt? In einer Welt, in der alternative Fakten und Verschw\u00f6rungstheorien ihr Unwesen treiben, sind das dr\u00e4ngende Fragen.<br>32 Autor:innen haben f\u00fcr diesen Band Stellung bezogen und greifen in Essays und Kurzgeschichten vielf\u00e4ltige Facetten unserer Zeit auf, in der es auf klaren Verstand und sch\u00f6pferische Fantasie mehr denn je ankommt.<br>Zu jedem Beitrag haben bildende K\u00fcnstler:innen Werke beigesteuert, die ganz eigene Aussagen haben und doch den Betrachter dazu einladen, Bez\u00fcge zu den Texten herzustellen. Eine Reality-Schau im wahrsten Sinne des Wortes.<br>ISBN 9783756883875<\/p>\n\n\n<div class=\"wp-block-image\">\n<figure class=\"alignright is-resized\"><img loading=\"lazy\" decoding=\"async\" width=\"740\" height=\"1024\" src=\"http:\/\/www.art-kipnowski.de\/wp-content\/uploads\/2022\/11\/Cover-hinten-3-740x1024.jpg\" alt=\"\" class=\"wp-image-804\" style=\"aspect-ratio:0.7243589743589743;width:202px;height:auto\" srcset=\"https:\/\/www.art-kipnowski.de\/wp-content\/uploads\/2022\/11\/Cover-hinten-3-740x1024.jpg 740w, https:\/\/www.art-kipnowski.de\/wp-content\/uploads\/2022\/11\/Cover-hinten-3-217x300.jpg 217w, https:\/\/www.art-kipnowski.de\/wp-content\/uploads\/2022\/11\/Cover-hinten-3-768x1063.jpg 768w, https:\/\/www.art-kipnowski.de\/wp-content\/uploads\/2022\/11\/Cover-hinten-3-1109x1536.jpg 1109w, https:\/\/www.art-kipnowski.de\/wp-content\/uploads\/2022\/11\/Cover-hinten-3.jpg 1131w\" sizes=\"(max-width: 740px) 100vw, 740px\" \/><\/figure><\/div>\n\n\n<figure class=\"wp-block-image size-large is-resized\"><a href=\"http:\/\/www.art-kipnowski.de\/wp-content\/uploads\/2022\/11\/Cover-vorne.jpg\"><img loading=\"lazy\" decoding=\"async\" width=\"794\" height=\"1024\" src=\"http:\/\/www.art-kipnowski.de\/wp-content\/uploads\/2022\/11\/Cover-vorne-794x1024.jpg\" alt=\"\" class=\"wp-image-798\" style=\"aspect-ratio:0.775974025974026;width:211px;height:auto\" srcset=\"https:\/\/www.art-kipnowski.de\/wp-content\/uploads\/2022\/11\/Cover-vorne-794x1024.jpg 794w, https:\/\/www.art-kipnowski.de\/wp-content\/uploads\/2022\/11\/Cover-vorne-232x300.jpg 232w, https:\/\/www.art-kipnowski.de\/wp-content\/uploads\/2022\/11\/Cover-vorne-768x991.jpg 768w, https:\/\/www.art-kipnowski.de\/wp-content\/uploads\/2022\/11\/Cover-vorne.jpg 1109w\" sizes=\"(max-width: 794px) 100vw, 794px\" \/><\/a><\/figure>\n\n\n\n<p><\/p>\n","protected":false},"excerpt":{"rendered":"<p>Vorschau: LAYENHOF OPENSamstag, 14.3.26 von 15 bis 18 UhrSonntag, 15.3.26 von 11 bis 18 UhrAm Flugplatz 5879, 55126 Mainz SCHLAF UND TRAUMKipnowski\/Hallac\/Becker8.Mai bis 5. Juni 2026ZMO HaupthausZ\u00f6rgiebel-Str. 2, 55128 Mainzwww.zmo-mainz.de AUSSTELLUNGEN in 2025 &#8222;Alles Carl&#8220;Mitgliederausstellung Kunstverein Ingelheim15.11. &#8211; 21.12.2025 Herbstausstellung &hellip; <a href=\"https:\/\/www.art-kipnowski.de\/?page_id=211\">Weiterlesen <span class=\"meta-nav\">&rarr;<\/span><\/a><\/p>\n","protected":false},"author":2,"featured_media":0,"parent":0,"menu_order":0,"comment_status":"closed","ping_status":"closed","template":"","meta":{"ngg_post_thumbnail":0,"footnotes":""},"_links":{"self":[{"href":"https:\/\/www.art-kipnowski.de\/index.php?rest_route=\/wp\/v2\/pages\/211"}],"collection":[{"href":"https:\/\/www.art-kipnowski.de\/index.php?rest_route=\/wp\/v2\/pages"}],"about":[{"href":"https:\/\/www.art-kipnowski.de\/index.php?rest_route=\/wp\/v2\/types\/page"}],"author":[{"embeddable":true,"href":"https:\/\/www.art-kipnowski.de\/index.php?rest_route=\/wp\/v2\/users\/2"}],"replies":[{"embeddable":true,"href":"https:\/\/www.art-kipnowski.de\/index.php?rest_route=%2Fwp%2Fv2%2Fcomments&post=211"}],"version-history":[{"count":151,"href":"https:\/\/www.art-kipnowski.de\/index.php?rest_route=\/wp\/v2\/pages\/211\/revisions"}],"predecessor-version":[{"id":971,"href":"https:\/\/www.art-kipnowski.de\/index.php?rest_route=\/wp\/v2\/pages\/211\/revisions\/971"}],"wp:attachment":[{"href":"https:\/\/www.art-kipnowski.de\/index.php?rest_route=%2Fwp%2Fv2%2Fmedia&parent=211"}],"curies":[{"name":"wp","href":"https:\/\/api.w.org\/{rel}","templated":true}]}}