{"id":96,"date":"2011-03-18T18:03:06","date_gmt":"2011-03-18T18:03:06","guid":{"rendered":"http:\/\/www.art-kipnowski.de\/?page_id=96"},"modified":"2025-11-20T10:20:48","modified_gmt":"2025-11-20T10:20:48","slug":"biografie-2","status":"publish","type":"page","link":"https:\/\/www.art-kipnowski.de\/?page_id=96","title":{"rendered":"Biografie"},"content":{"rendered":"<h5>Dr. phil. Annette Kipnowski<br \/>\nGeb. 1950 in Hamm\/Westf. Bis 1999 als \u00c4rztin und Diplompsychologin, danach hauptberuflich als Malerin t\u00e4tig. Mitglied der GEDOK Bonn, der Bonner K\u00fcnstlergruppe <em>seven, <\/em>des Mainzer Kunstvereins <em>Eisenturm <\/em>und des Kunstvereins Ingelheim<\/h5>\n<h5><em>Der Schwerpunkt meiner k\u00fcnstlerischen Arbeit liegt auf der Portr\u00e4tmalerei. Ich male vor allem alte Menschen, wobei ich gro\u00dfe Formate bevorzuge und nur Graut\u00f6ne verwende.<br \/>\nAll meinen Arbeiten liegt das Interesse am Individuum und seiner Geschichte zugrunde. Damit kn\u00fcpfe ich an meinen eigenen Lebenslauf an: ich setze die psychologische Auseinandersetzung mit der Biografie des Individuums mit dem Medium der Malerei fort. Weitere k\u00fcnstlerische Themen sind: Malerei auf Papyrus und abstrahierte Stadtlandschaften<br \/>\n<\/em><\/h5>\n<p><a href=\"http:\/\/www.art-kipnowski.de\/?attachment_id=657\" rel=\"attachment wp-att-657\"><img loading=\"lazy\" decoding=\"async\" class=\"alignnone size-medium wp-image-657\" src=\"http:\/\/www.art-kipnowski.de\/wp-content\/uploads\/2020\/05\/atelier10-253x300.jpg\" alt=\"\" width=\"253\" height=\"300\" srcset=\"https:\/\/www.art-kipnowski.de\/wp-content\/uploads\/2020\/05\/atelier10-253x300.jpg 253w, https:\/\/www.art-kipnowski.de\/wp-content\/uploads\/2020\/05\/atelier10-862x1024.jpg 862w, https:\/\/www.art-kipnowski.de\/wp-content\/uploads\/2020\/05\/atelier10-768x912.jpg 768w, https:\/\/www.art-kipnowski.de\/wp-content\/uploads\/2020\/05\/atelier10.jpg 1078w\" sizes=\"(max-width: 253px) 100vw, 253px\" \/><\/a><\/p>\n<p><strong>Ausstellungen<\/strong><strong> und Ausstellungsbeteiligungen <\/strong>(Auswahl):<\/p>\n<h5>2002&nbsp;&nbsp; HERMANN-HESSE-FESTIVAL&nbsp; Stuttgart<br \/>\n2002&nbsp;&nbsp; TRANSFORMATION, TERTIA-Gruppe Alfter<br \/>\n2004&nbsp;&nbsp; ART-SCHUMANN, K\u00fcnstlerforum Bonn<br \/>\n2005&nbsp;&nbsp; KUNST AUF DEM CAMPUS, Kunstforum &#8217;99 , FH Rheinbach<br \/>\n2006&nbsp;&nbsp; DER ANDERE BLICK, K\u00fcnstlergruppe <em>seven<\/em>, AZK&nbsp; K\u00f6nigswinter<br \/>\n2006&nbsp;&nbsp; LEBENSLINIEN, K\u00fcnstlergruppe <em>seven<\/em>, K\u00fcnstlerforum Bonn<br \/>\n2007&nbsp;&nbsp; DIALOG, FH Bonn-Rhein-Sieg, Rheinbach (m. J. Kipnowski)<br \/>\n2008&nbsp;&nbsp; SICHTBAR-UNSICHTBAR, K\u00fcnstlergruppe <em>seven<\/em>, Haus an der Redoute, Bonn<br \/>\n2008&nbsp;&nbsp; ALIVE, Telekom-Tagungshotel Bad Honnef (m. J. Kipnowski)<br \/>\n2008&nbsp;&nbsp; ZUR ZEIT, GEDOK Bonn, K\u00fcnstlerforum Bonn<br \/>\n2008&nbsp;&nbsp; DER SICH UND ANDERE VERWIRRENDE MENSCH, GEDOK, Ev. Akademie Rheinland<br \/>\n2009&nbsp;&nbsp; PHYSIOGNOMIE DES ALTERNS , Ev. Akademie Rheinland, Bonn<br \/>\n2009&nbsp;&nbsp; GESTRANDET, Kurf\u00fcrstl. G\u00e4rtnerhaus Bonn (m. E. Sauerborn)<br \/>\n2009&nbsp;&nbsp; ALLE TAGE, GEDOK Bonn, K\u00fcnstlerforum Bonn<br \/>\n2010&nbsp;&nbsp; VERNETZT, K\u00fcnstlergruppe <em>seven<\/em>,&nbsp; K\u00fcnstlerforum Bonn<br \/>\n2010&nbsp;&nbsp; AUF DER SUCHE, Kunst im klerikalen Raum, St. Joseph-Kirche Neubeckum<br \/>\n2010&nbsp;&nbsp; K\u00d6RPER UND LEIBLICHKEIT , GEDOK NRW, Galerie Volkshochschule Essen<br \/>\n2013&nbsp;&nbsp; REISE INS DUNKEL &#8211; eine&nbsp; Ausstellung \u00fcber Demenz, K\u00fcnstlerforum Bonn<br \/>\n2013&nbsp;&nbsp;&nbsp;MAGIE&nbsp;UND WISSEN, GEDOK Bonn<em>, caesar<\/em>, Bonn<br \/>\n2013&nbsp;&nbsp; ALLES FLIESST, Kunst auf dem Campus, Kunstforum &#8217;99, FH Rheinbach<br \/>\n2013&nbsp;&nbsp; IKARUS 2013, GEDOK Bonn, Haus an der Redoute, Bonn<br \/>\n2013&nbsp;&nbsp; Werkschau Initiative Kunst, Hennef (Gast)<br \/>\n2014&nbsp;&nbsp; WAS BLEIBT, Galerie in der VHS Essen<br \/>\n2014&nbsp;&nbsp; GRENZEN ? GEDOK Bonn, KSI Bad Honnef<br \/>\n2014&nbsp;&nbsp; ERINNERUNG &#8211; EINE FORM DER BEGEGNUNG, Kurf\u00fcrstl. G\u00e4rtnerhaus Bonn&nbsp; (m. V. Siepen)<br \/>\n2014&nbsp;&nbsp; DER RAUM DAZWISCHEN, GEDOK Bonn, Technologiepark Bergisch Gladbach<br \/>\n2015&nbsp;&nbsp; STILLLEBEN, GEDOK Bonn, Haus an der Redoute, Bonn-Bad Godesberg<br \/>\n2015&nbsp;&nbsp; NEUE BAHNEN, GEDOK Bonn &amp; GEDOK Leipzig:K\u00fcnstlerforum Bonn, Landtag Dresden<br \/>\nMDR Leipzig<br \/>\n2016&nbsp; WEGE INS VERGESSEN &#8211; Eine k\u00fcnstlerische Auseinandersetzung mit dem Thema Demenz.<br \/>\nNiederrhein. Museum Kevelaer<br \/>\n2017&nbsp; SIEBEN, K\u00fcnstlergruppe <em>seven, <\/em>K\u00fcnstlerforum Bonn<br \/>\n2017 PORTR\u00c4TS, Niederrhein. Museum Kevelaer<br \/>\n2018 VERSTEHEN KANN MAN DAS LEBEN NUR R\u00dcCKW\u00c4RTS&#8230;. Galerie Augustinum Bonn<br \/>\n2019 HEIMAT 2.0, GEDOK Bonn, Theodor-Heuss-Akademie Gummersbach, Ministerium f\u00fcr Heimat etc. NRW, D\u00fcsseldorf<br \/>\n2019 WIEDER UND WIEDER, K\u00fcnstlergruppe <em>seven, <\/em>Haus an der Redoute, Bonn-Bad Godesberg<br \/>\n2021 DAS GROSSE GRAU, GEDOK Bonn, Kunstraum Bad Honnef<br \/>\n2022 DER KUNSTSALON 2022 &#8211; SINE LOCO<br \/>\n2022 SCHWARZ, K\u00fcnstlergruppe <em>seven,<\/em> K\u00fcnsterforum Bonn<br \/>\n2022 ALLES AUSSER GEW\u00d6HNLICH. GEDOK Bonn, Frauenmuseum Bonn<br \/>\n2023 DAS WILDE DENKEN, Mitgliederausstellung Kunstverein Eisenturm, Mainz<br \/>\n2023 DER KUNSTSALON 2023 &#8211; SINE LOCO<br \/>\n2024 FLIEGENDER TEPPICH, ZMO Mainz<br \/>\n2024 MIT MENSCHEN, B\u00fcrgerhaus Mainz Finthen<br \/>\n2025 MENSCHEN, Kunst Hoch3, Eisenturm Mainz<br \/>\n2025 Herbstausstellung in der Cafedrale Mainz &#8222;1001 Nacht&#8220;<br \/>\n2025 ALLES CARL, Mitgliederausstellung Kunstverein Ingelheim<\/h5>\n","protected":false},"excerpt":{"rendered":"<p>Dr. phil. Annette Kipnowski Geb. 1950 in Hamm\/Westf. Bis 1999 als \u00c4rztin und Diplompsychologin, danach hauptberuflich als Malerin t\u00e4tig. Mitglied der GEDOK Bonn, der Bonner K\u00fcnstlergruppe seven, des Mainzer Kunstvereins Eisenturm und des Kunstvereins Ingelheim Der Schwerpunkt meiner k\u00fcnstlerischen Arbeit &hellip; <a href=\"https:\/\/www.art-kipnowski.de\/?page_id=96\">Weiterlesen <span class=\"meta-nav\">&rarr;<\/span><\/a><\/p>\n","protected":false},"author":2,"featured_media":0,"parent":0,"menu_order":45,"comment_status":"closed","ping_status":"closed","template":"","meta":{"ngg_post_thumbnail":0,"footnotes":""},"_links":{"self":[{"href":"https:\/\/www.art-kipnowski.de\/index.php?rest_route=\/wp\/v2\/pages\/96"}],"collection":[{"href":"https:\/\/www.art-kipnowski.de\/index.php?rest_route=\/wp\/v2\/pages"}],"about":[{"href":"https:\/\/www.art-kipnowski.de\/index.php?rest_route=\/wp\/v2\/types\/page"}],"author":[{"embeddable":true,"href":"https:\/\/www.art-kipnowski.de\/index.php?rest_route=\/wp\/v2\/users\/2"}],"replies":[{"embeddable":true,"href":"https:\/\/www.art-kipnowski.de\/index.php?rest_route=%2Fwp%2Fv2%2Fcomments&post=96"}],"version-history":[{"count":76,"href":"https:\/\/www.art-kipnowski.de\/index.php?rest_route=\/wp\/v2\/pages\/96\/revisions"}],"predecessor-version":[{"id":964,"href":"https:\/\/www.art-kipnowski.de\/index.php?rest_route=\/wp\/v2\/pages\/96\/revisions\/964"}],"wp:attachment":[{"href":"https:\/\/www.art-kipnowski.de\/index.php?rest_route=%2Fwp%2Fv2%2Fmedia&parent=96"}],"curies":[{"name":"wp","href":"https:\/\/api.w.org\/{rel}","templated":true}]}}